{"id":695,"date":"2022-11-12T02:30:30","date_gmt":"2022-11-12T02:30:30","guid":{"rendered":"https:\/\/www.topoptic.lu\/about-us\/"},"modified":"2023-01-03T15:55:56","modified_gmt":"2023-01-03T15:55:56","slug":"ueber-uns","status":"publish","type":"page","link":"https:\/\/www.topoptic.lu\/de\/ueber-uns\/","title":{"rendered":"Wer wir sind"},"content":{"rendered":"<div class=\"gallery-slider\">\n<div class=\"item\"><img loading=\"lazy\" decoding=\"async\" width=\"777\" height=\"583\" class=\"aligncenter size-full wp-image-370\" src=\"https:\/\/www.topoptic.lu\/wp-content\/uploads\/2022\/12\/top-optic-about-us-01.jpg\" alt=\"\" srcset=\"https:\/\/www.topoptic.lu\/wp-content\/uploads\/2022\/12\/top-optic-about-us-01.jpg 777w, https:\/\/www.topoptic.lu\/wp-content\/uploads\/2022\/12\/top-optic-about-us-01-300x225.jpg 300w, https:\/\/www.topoptic.lu\/wp-content\/uploads\/2022\/12\/top-optic-about-us-01-768x576.jpg 768w, https:\/\/www.topoptic.lu\/wp-content\/uploads\/2022\/12\/top-optic-about-us-01-150x113.jpg 150w, https:\/\/www.topoptic.lu\/wp-content\/uploads\/2022\/12\/top-optic-about-us-01-600x450.jpg 600w\" sizes=\"auto, (max-width: 777px) 100vw, 777px\" \/><\/div>\n<div class=\"item\"><img decoding=\"async\" class=\"aligncenter size-full wp-image-370\" src=\"https:\/\/www.topoptic.lu\/wp-content\/uploads\/2022\/12\/top-optic-logo-03.svg\" alt=\"\" \/><\/div>\n<div class=\"item\"><img decoding=\"async\" class=\"aligncenter size-full wp-image-370\" src=\"https:\/\/www.topoptic.lu\/wp-content\/uploads\/2022\/12\/top-optic-about-us-03.jpg\" alt=\"\" \/><\/div>\n<div class=\"item\"><img decoding=\"async\" class=\"aligncenter size-full wp-image-370\" src=\"https:\/\/www.topoptic.lu\/wp-content\/uploads\/2022\/12\/top-optic-about-us-04.jpg\" alt=\"\" \/><\/div>\n<div class=\"item\"><img decoding=\"async\" class=\"aligncenter size-full wp-image-370\" src=\"https:\/\/www.topoptic.lu\/wp-content\/uploads\/2022\/12\/top-optic-about-us-05.jpg\" alt=\"\" \/><\/div>\n<div class=\"item\"><img decoding=\"async\" class=\"aligncenter size-full wp-image-370\" src=\"https:\/\/www.topoptic.lu\/wp-content\/uploads\/2022\/12\/top-optic-about-us-06.jpg\" alt=\"\" \/><\/div>\n<\/div>\n<p>Bei <strong>TOP-OPTIC<\/strong> finden Sie alle Informationen rund um Ihre neuen Brille, Sonnenbrille, Sportbrille, Kontaktlinsen, Ihrem neuen H\u00f6rger\u00e4t und Ihren Pro-Kopfh\u00f6rern.<\/p>\n<p>Rufen Sie uns an um ein Termin zu vereinbaren : <a href=\"tel:+352582938\">(+352) 58 29 38<\/a><br \/>\nOder per E-mail : <a href=\"mailto:topoptic@pt.lu\">topoptic@pt.lu<\/a><\/p>\n","protected":false},"excerpt":{"rendered":"<p>Bei TOP-OPTIC finden Sie alle Informationen rund um Ihre neuen Brille, Sonnenbrille, Sportbrille, Kontaktlinsen, Ihrem neuen H\u00f6rger\u00e4t und Ihren Pro-Kopfh\u00f6rern. Rufen Sie uns an um ein Termin zu vereinbaren : (+352) 58 29 38 Oder per E-mail : topoptic@pt.lu<\/p>\n","protected":false},"author":1,"featured_media":0,"parent":0,"menu_order":0,"comment_status":"closed","ping_status":"closed","template":"","meta":{"_acf_changed":false,"inline_featured_image":false,"footnotes":""},"class_list":["post-695","page","type-page","status-publish","hentry"],"acf":[],"yoast_head":"<!-- This site is optimized with the Yoast SEO plugin v25.5 - https:\/\/yoast.com\/wordpress\/plugins\/seo\/ -->\n<title>Optiker und H\u00f6rger\u00e4teakustiker \u2502 TOP-OPTIC \u2502 Differdange<\/title>\n<meta name=\"description\" content=\"Seit 1995 ist TOP-OPTIC Ihr Berater f\u00fcr Gleitsichtgl\u00e4ser, Brillengestelle, Sonnenbrillen, Kontaktlinsen und H\u00f6rakustik-Service.\" \/>\n<meta name=\"robots\" content=\"index, follow, max-snippet:-1, max-image-preview:large, max-video-preview:-1\" \/>\n<link rel=\"canonical\" href=\"https:\/\/www.topoptic.lu\/de\/ueber-uns\/\" \/>\n<meta property=\"og:locale\" content=\"de_DE\" \/>\n<meta property=\"og:type\" content=\"article\" \/>\n<meta property=\"og:title\" content=\"Optiker und H\u00f6rger\u00e4teakustiker \u2502 TOP-OPTIC \u2502 Differdange\" \/>\n<meta property=\"og:description\" content=\"Seit 1995 ist TOP-OPTIC Ihr Berater f\u00fcr Gleitsichtgl\u00e4ser, Brillengestelle, Sonnenbrillen, Kontaktlinsen und H\u00f6rakustik-Service.\" \/>\n<meta property=\"og:url\" content=\"https:\/\/www.topoptic.lu\/de\/ueber-uns\/\" \/>\n<meta property=\"og:site_name\" content=\"TOP-OPTIC\" \/>\n<meta property=\"article:modified_time\" content=\"2023-01-03T15:55:56+00:00\" \/>\n<meta property=\"og:image\" content=\"https:\/\/www.topoptic.lu\/wp-content\/uploads\/2022\/12\/top-optic-about-us-01.jpg\" \/>\n<meta name=\"twitter:card\" content=\"summary_large_image\" \/>\n<meta name=\"twitter:label1\" content=\"Gesch\u00e4tzte Lesezeit\" \/>\n\t<meta name=\"twitter:data1\" content=\"2\u00a0Minuten\" \/>\n<script type=\"application\/ld+json\" class=\"yoast-schema-graph\">{\"@context\":\"https:\/\/schema.org\",\"@graph\":[{\"@type\":\"WebPage\",\"@id\":\"https:\/\/www.topoptic.lu\/de\/ueber-uns\/\",\"url\":\"https:\/\/www.topoptic.lu\/de\/ueber-uns\/\",\"name\":\"Optiker und H\u00f6rger\u00e4teakustiker \u2502 TOP-OPTIC \u2502 Differdange\",\"isPartOf\":{\"@id\":\"https:\/\/www.topoptic.lu\/de\/#website\"},\"primaryImageOfPage\":{\"@id\":\"https:\/\/www.topoptic.lu\/de\/ueber-uns\/#primaryimage\"},\"image\":{\"@id\":\"https:\/\/www.topoptic.lu\/de\/ueber-uns\/#primaryimage\"},\"thumbnailUrl\":\"https:\/\/www.topoptic.lu\/wp-content\/uploads\/2022\/12\/top-optic-about-us-01.jpg\",\"datePublished\":\"2022-11-12T02:30:30+00:00\",\"dateModified\":\"2023-01-03T15:55:56+00:00\",\"description\":\"Seit 1995 ist TOP-OPTIC Ihr Berater f\u00fcr Gleitsichtgl\u00e4ser, Brillengestelle, Sonnenbrillen, Kontaktlinsen und H\u00f6rakustik-Service.\",\"breadcrumb\":{\"@id\":\"https:\/\/www.topoptic.lu\/de\/ueber-uns\/#breadcrumb\"},\"inLanguage\":\"de\",\"potentialAction\":[{\"@type\":\"ReadAction\",\"target\":[\"https:\/\/www.topoptic.lu\/de\/ueber-uns\/\"]}]},{\"@type\":\"ImageObject\",\"inLanguage\":\"de\",\"@id\":\"https:\/\/www.topoptic.lu\/de\/ueber-uns\/#primaryimage\",\"url\":\"https:\/\/www.topoptic.lu\/wp-content\/uploads\/2022\/12\/top-optic-about-us-01.jpg\",\"contentUrl\":\"https:\/\/www.topoptic.lu\/wp-content\/uploads\/2022\/12\/top-optic-about-us-01.jpg\"},{\"@type\":\"BreadcrumbList\",\"@id\":\"https:\/\/www.topoptic.lu\/de\/ueber-uns\/#breadcrumb\",\"itemListElement\":[{\"@type\":\"ListItem\",\"position\":1,\"name\":\"Accueil\",\"item\":\"https:\/\/www.topoptic.lu\/de\/\"},{\"@type\":\"ListItem\",\"position\":2,\"name\":\"Wer wir sind\"}]},{\"@type\":\"WebSite\",\"@id\":\"https:\/\/www.topoptic.lu\/de\/#website\",\"url\":\"https:\/\/www.topoptic.lu\/de\/\",\"name\":\"TOP-OPTIC\",\"description\":\"Optiker in Differdange\",\"potentialAction\":[{\"@type\":\"SearchAction\",\"target\":{\"@type\":\"EntryPoint\",\"urlTemplate\":\"https:\/\/www.topoptic.lu\/de\/?s={search_term_string}\"},\"query-input\":{\"@type\":\"PropertyValueSpecification\",\"valueRequired\":true,\"valueName\":\"search_term_string\"}}],\"inLanguage\":\"de\"}]}<\/script>\n<!-- \/ Yoast SEO plugin. -->","yoast_head_json":{"title":"Optiker und H\u00f6rger\u00e4teakustiker \u2502 TOP-OPTIC \u2502 Differdange","description":"Seit 1995 ist TOP-OPTIC Ihr Berater f\u00fcr Gleitsichtgl\u00e4ser, Brillengestelle, Sonnenbrillen, Kontaktlinsen und H\u00f6rakustik-Service.","robots":{"index":"index","follow":"follow","max-snippet":"max-snippet:-1","max-image-preview":"max-image-preview:large","max-video-preview":"max-video-preview:-1"},"canonical":"https:\/\/www.topoptic.lu\/de\/ueber-uns\/","og_locale":"de_DE","og_type":"article","og_title":"Optiker und H\u00f6rger\u00e4teakustiker \u2502 TOP-OPTIC \u2502 Differdange","og_description":"Seit 1995 ist TOP-OPTIC Ihr Berater f\u00fcr Gleitsichtgl\u00e4ser, Brillengestelle, Sonnenbrillen, Kontaktlinsen und H\u00f6rakustik-Service.","og_url":"https:\/\/www.topoptic.lu\/de\/ueber-uns\/","og_site_name":"TOP-OPTIC","article_modified_time":"2023-01-03T15:55:56+00:00","og_image":[{"url":"https:\/\/www.topoptic.lu\/wp-content\/uploads\/2022\/12\/top-optic-about-us-01.jpg","type":"","width":"","height":""}],"twitter_card":"summary_large_image","twitter_misc":{"Gesch\u00e4tzte Lesezeit":"2\u00a0Minuten"},"schema":{"@context":"https:\/\/schema.org","@graph":[{"@type":"WebPage","@id":"https:\/\/www.topoptic.lu\/de\/ueber-uns\/","url":"https:\/\/www.topoptic.lu\/de\/ueber-uns\/","name":"Optiker und H\u00f6rger\u00e4teakustiker \u2502 TOP-OPTIC \u2502 Differdange","isPartOf":{"@id":"https:\/\/www.topoptic.lu\/de\/#website"},"primaryImageOfPage":{"@id":"https:\/\/www.topoptic.lu\/de\/ueber-uns\/#primaryimage"},"image":{"@id":"https:\/\/www.topoptic.lu\/de\/ueber-uns\/#primaryimage"},"thumbnailUrl":"https:\/\/www.topoptic.lu\/wp-content\/uploads\/2022\/12\/top-optic-about-us-01.jpg","datePublished":"2022-11-12T02:30:30+00:00","dateModified":"2023-01-03T15:55:56+00:00","description":"Seit 1995 ist TOP-OPTIC Ihr Berater f\u00fcr Gleitsichtgl\u00e4ser, Brillengestelle, Sonnenbrillen, Kontaktlinsen und H\u00f6rakustik-Service.","breadcrumb":{"@id":"https:\/\/www.topoptic.lu\/de\/ueber-uns\/#breadcrumb"},"inLanguage":"de","potentialAction":[{"@type":"ReadAction","target":["https:\/\/www.topoptic.lu\/de\/ueber-uns\/"]}]},{"@type":"ImageObject","inLanguage":"de","@id":"https:\/\/www.topoptic.lu\/de\/ueber-uns\/#primaryimage","url":"https:\/\/www.topoptic.lu\/wp-content\/uploads\/2022\/12\/top-optic-about-us-01.jpg","contentUrl":"https:\/\/www.topoptic.lu\/wp-content\/uploads\/2022\/12\/top-optic-about-us-01.jpg"},{"@type":"BreadcrumbList","@id":"https:\/\/www.topoptic.lu\/de\/ueber-uns\/#breadcrumb","itemListElement":[{"@type":"ListItem","position":1,"name":"Accueil","item":"https:\/\/www.topoptic.lu\/de\/"},{"@type":"ListItem","position":2,"name":"Wer wir sind"}]},{"@type":"WebSite","@id":"https:\/\/www.topoptic.lu\/de\/#website","url":"https:\/\/www.topoptic.lu\/de\/","name":"TOP-OPTIC","description":"Optiker in Differdange","potentialAction":[{"@type":"SearchAction","target":{"@type":"EntryPoint","urlTemplate":"https:\/\/www.topoptic.lu\/de\/?s={search_term_string}"},"query-input":{"@type":"PropertyValueSpecification","valueRequired":true,"valueName":"search_term_string"}}],"inLanguage":"de"}]}},"_links":{"self":[{"href":"https:\/\/www.topoptic.lu\/de\/wp-json\/wp\/v2\/pages\/695","targetHints":{"allow":["GET"]}}],"collection":[{"href":"https:\/\/www.topoptic.lu\/de\/wp-json\/wp\/v2\/pages"}],"about":[{"href":"https:\/\/www.topoptic.lu\/de\/wp-json\/wp\/v2\/types\/page"}],"author":[{"embeddable":true,"href":"https:\/\/www.topoptic.lu\/de\/wp-json\/wp\/v2\/users\/1"}],"replies":[{"embeddable":true,"href":"https:\/\/www.topoptic.lu\/de\/wp-json\/wp\/v2\/comments?post=695"}],"version-history":[{"count":3,"href":"https:\/\/www.topoptic.lu\/de\/wp-json\/wp\/v2\/pages\/695\/revisions"}],"predecessor-version":[{"id":811,"href":"https:\/\/www.topoptic.lu\/de\/wp-json\/wp\/v2\/pages\/695\/revisions\/811"}],"wp:attachment":[{"href":"https:\/\/www.topoptic.lu\/de\/wp-json\/wp\/v2\/media?parent=695"}],"curies":[{"name":"wp","href":"https:\/\/api.w.org\/{rel}","templated":true}]}}