{"id":800,"date":"2022-12-21T16:00:10","date_gmt":"2022-12-21T16:00:10","guid":{"rendered":"https:\/\/www.topoptic.lu\/product\/kaleos-kass\/"},"modified":"2023-01-03T14:07:31","modified_gmt":"2023-01-03T14:07:31","slug":"kaleos-kass","status":"publish","type":"product","link":"https:\/\/www.topoptic.lu\/de\/product\/kaleos-kass\/","title":{"rendered":"Kaleos Kass"},"content":{"rendered":"<p><strong>KALEOS Kass<\/strong><\/p>\n<p><strong>QUALIT\u00c4T &#038; DESIGN<\/strong><\/p>\n<p>Optische Gl\u00e4ser mit Profil und Steg aus goldfarbenem Edelstahl mit Acetatb\u00fcgeln in undurchsichtigem Schwarz. B\u00fcgel aus rostfreiem Stahl mit Acetatspitzen. Verstellbare PVC-Nasenpads. Handgefertigt.<\/p>\n","protected":false},"excerpt":{"rendered":"<p>Optische Gl\u00e4ser mit Profil und Steg aus goldfarbenem Edelstahl mit Acetatb\u00fcgeln in undurchsichtigem Schwarz. B\u00fcgel aus rostfreiem Stahl mit Acetatspitzen. Verstellbare PVC-Nasenpads. Handgefertigt.<\/p>\n","protected":false},"featured_media":554,"template":"","meta":{"_acf_changed":false,"inline_featured_image":false},"product_brand":[],"product_cat":[15],"product_tag":[],"class_list":{"0":"post-800","1":"product","2":"type-product","3":"status-publish","4":"has-post-thumbnail","6":"product_cat-uncategorized","7":"pa_brand-kaleos-de","8":"pa_eyewear-eyeglasses-de","10":"first","11":"instock","12":"shipping-taxable","13":"purchasable","14":"product-type-simple"},"acf":[],"yoast_head":"<!-- This site is optimized with the Yoast SEO plugin v25.5 - https:\/\/yoast.com\/wordpress\/plugins\/seo\/ -->\n<title>Kaleos Kass - TOP-OPTIC<\/title>\n<meta name=\"robots\" content=\"index, follow, max-snippet:-1, max-image-preview:large, max-video-preview:-1\" \/>\n<link rel=\"canonical\" href=\"https:\/\/www.topoptic.lu\/de\/product\/kaleos-kass\/\" \/>\n<meta property=\"og:locale\" content=\"de_DE\" \/>\n<meta property=\"og:type\" content=\"article\" \/>\n<meta property=\"og:title\" content=\"Kaleos Kass - TOP-OPTIC\" \/>\n<meta property=\"og:description\" content=\"Optische Gl\u00e4ser mit Profil und Steg aus goldfarbenem Edelstahl mit Acetatb\u00fcgeln in undurchsichtigem Schwarz. B\u00fcgel aus rostfreiem Stahl mit Acetatspitzen. Verstellbare PVC-Nasenpads. Handgefertigt.\" \/>\n<meta property=\"og:url\" content=\"https:\/\/www.topoptic.lu\/de\/product\/kaleos-kass\/\" \/>\n<meta property=\"og:site_name\" content=\"TOP-OPTIC\" \/>\n<meta property=\"article:modified_time\" content=\"2023-01-03T14:07:31+00:00\" \/>\n<meta property=\"og:image\" content=\"https:\/\/www.topoptic.lu\/wp-content\/uploads\/2022\/12\/top-optic-kaleos-kass-01.jpg\" \/>\n\t<meta property=\"og:image:width\" content=\"1294\" \/>\n\t<meta property=\"og:image:height\" content=\"688\" \/>\n\t<meta property=\"og:image:type\" content=\"image\/jpeg\" \/>\n<meta name=\"twitter:card\" content=\"summary_large_image\" \/>\n<script type=\"application\/ld+json\" class=\"yoast-schema-graph\">{\"@context\":\"https:\/\/schema.org\",\"@graph\":[{\"@type\":\"WebPage\",\"@id\":\"https:\/\/www.topoptic.lu\/de\/product\/kaleos-kass\/\",\"url\":\"https:\/\/www.topoptic.lu\/de\/product\/kaleos-kass\/\",\"name\":\"Kaleos Kass - TOP-OPTIC\",\"isPartOf\":{\"@id\":\"https:\/\/www.topoptic.lu\/de\/#website\"},\"primaryImageOfPage\":{\"@id\":\"https:\/\/www.topoptic.lu\/de\/product\/kaleos-kass\/#primaryimage\"},\"image\":{\"@id\":\"https:\/\/www.topoptic.lu\/de\/product\/kaleos-kass\/#primaryimage\"},\"thumbnailUrl\":\"https:\/\/www.topoptic.lu\/wp-content\/uploads\/2022\/12\/top-optic-kaleos-kass-01.jpg\",\"datePublished\":\"2022-12-21T16:00:10+00:00\",\"dateModified\":\"2023-01-03T14:07:31+00:00\",\"breadcrumb\":{\"@id\":\"https:\/\/www.topoptic.lu\/de\/product\/kaleos-kass\/#breadcrumb\"},\"inLanguage\":\"de\",\"potentialAction\":[{\"@type\":\"ReadAction\",\"target\":[\"https:\/\/www.topoptic.lu\/de\/product\/kaleos-kass\/\"]}]},{\"@type\":\"ImageObject\",\"inLanguage\":\"de\",\"@id\":\"https:\/\/www.topoptic.lu\/de\/product\/kaleos-kass\/#primaryimage\",\"url\":\"https:\/\/www.topoptic.lu\/wp-content\/uploads\/2022\/12\/top-optic-kaleos-kass-01.jpg\",\"contentUrl\":\"https:\/\/www.topoptic.lu\/wp-content\/uploads\/2022\/12\/top-optic-kaleos-kass-01.jpg\",\"width\":1294,\"height\":688,\"caption\":\"KALEOS KASS\"},{\"@type\":\"BreadcrumbList\",\"@id\":\"https:\/\/www.topoptic.lu\/de\/product\/kaleos-kass\/#breadcrumb\",\"itemListElement\":[{\"@type\":\"ListItem\",\"position\":1,\"name\":\"Accueil\",\"item\":\"https:\/\/www.topoptic.lu\/de\/\"},{\"@type\":\"ListItem\",\"position\":2,\"name\":\"Produkte\",\"item\":\"https:\/\/www.topoptic.lu\/de\/shop\/\"},{\"@type\":\"ListItem\",\"position\":3,\"name\":\"Kaleos Kass\"}]},{\"@type\":\"WebSite\",\"@id\":\"https:\/\/www.topoptic.lu\/de\/#website\",\"url\":\"https:\/\/www.topoptic.lu\/de\/\",\"name\":\"TOP-OPTIC\",\"description\":\"Optiker in Differdange\",\"potentialAction\":[{\"@type\":\"SearchAction\",\"target\":{\"@type\":\"EntryPoint\",\"urlTemplate\":\"https:\/\/www.topoptic.lu\/de\/?s={search_term_string}\"},\"query-input\":{\"@type\":\"PropertyValueSpecification\",\"valueRequired\":true,\"valueName\":\"search_term_string\"}}],\"inLanguage\":\"de\"}]}<\/script>\n<!-- \/ Yoast SEO plugin. -->","yoast_head_json":{"title":"Kaleos Kass - TOP-OPTIC","robots":{"index":"index","follow":"follow","max-snippet":"max-snippet:-1","max-image-preview":"max-image-preview:large","max-video-preview":"max-video-preview:-1"},"canonical":"https:\/\/www.topoptic.lu\/de\/product\/kaleos-kass\/","og_locale":"de_DE","og_type":"article","og_title":"Kaleos Kass - TOP-OPTIC","og_description":"Optische Gl\u00e4ser mit Profil und Steg aus goldfarbenem Edelstahl mit Acetatb\u00fcgeln in undurchsichtigem Schwarz. B\u00fcgel aus rostfreiem Stahl mit Acetatspitzen. Verstellbare PVC-Nasenpads. Handgefertigt.","og_url":"https:\/\/www.topoptic.lu\/de\/product\/kaleos-kass\/","og_site_name":"TOP-OPTIC","article_modified_time":"2023-01-03T14:07:31+00:00","og_image":[{"width":1294,"height":688,"url":"https:\/\/www.topoptic.lu\/wp-content\/uploads\/2022\/12\/top-optic-kaleos-kass-01.jpg","type":"image\/jpeg"}],"twitter_card":"summary_large_image","schema":{"@context":"https:\/\/schema.org","@graph":[{"@type":"WebPage","@id":"https:\/\/www.topoptic.lu\/de\/product\/kaleos-kass\/","url":"https:\/\/www.topoptic.lu\/de\/product\/kaleos-kass\/","name":"Kaleos Kass - TOP-OPTIC","isPartOf":{"@id":"https:\/\/www.topoptic.lu\/de\/#website"},"primaryImageOfPage":{"@id":"https:\/\/www.topoptic.lu\/de\/product\/kaleos-kass\/#primaryimage"},"image":{"@id":"https:\/\/www.topoptic.lu\/de\/product\/kaleos-kass\/#primaryimage"},"thumbnailUrl":"https:\/\/www.topoptic.lu\/wp-content\/uploads\/2022\/12\/top-optic-kaleos-kass-01.jpg","datePublished":"2022-12-21T16:00:10+00:00","dateModified":"2023-01-03T14:07:31+00:00","breadcrumb":{"@id":"https:\/\/www.topoptic.lu\/de\/product\/kaleos-kass\/#breadcrumb"},"inLanguage":"de","potentialAction":[{"@type":"ReadAction","target":["https:\/\/www.topoptic.lu\/de\/product\/kaleos-kass\/"]}]},{"@type":"ImageObject","inLanguage":"de","@id":"https:\/\/www.topoptic.lu\/de\/product\/kaleos-kass\/#primaryimage","url":"https:\/\/www.topoptic.lu\/wp-content\/uploads\/2022\/12\/top-optic-kaleos-kass-01.jpg","contentUrl":"https:\/\/www.topoptic.lu\/wp-content\/uploads\/2022\/12\/top-optic-kaleos-kass-01.jpg","width":1294,"height":688,"caption":"KALEOS KASS"},{"@type":"BreadcrumbList","@id":"https:\/\/www.topoptic.lu\/de\/product\/kaleos-kass\/#breadcrumb","itemListElement":[{"@type":"ListItem","position":1,"name":"Accueil","item":"https:\/\/www.topoptic.lu\/de\/"},{"@type":"ListItem","position":2,"name":"Produkte","item":"https:\/\/www.topoptic.lu\/de\/shop\/"},{"@type":"ListItem","position":3,"name":"Kaleos Kass"}]},{"@type":"WebSite","@id":"https:\/\/www.topoptic.lu\/de\/#website","url":"https:\/\/www.topoptic.lu\/de\/","name":"TOP-OPTIC","description":"Optiker in Differdange","potentialAction":[{"@type":"SearchAction","target":{"@type":"EntryPoint","urlTemplate":"https:\/\/www.topoptic.lu\/de\/?s={search_term_string}"},"query-input":{"@type":"PropertyValueSpecification","valueRequired":true,"valueName":"search_term_string"}}],"inLanguage":"de"}]}},"_links":{"self":[{"href":"https:\/\/www.topoptic.lu\/de\/wp-json\/wp\/v2\/product\/800","targetHints":{"allow":["GET"]}}],"collection":[{"href":"https:\/\/www.topoptic.lu\/de\/wp-json\/wp\/v2\/product"}],"about":[{"href":"https:\/\/www.topoptic.lu\/de\/wp-json\/wp\/v2\/types\/product"}],"wp:featuredmedia":[{"embeddable":true,"href":"https:\/\/www.topoptic.lu\/de\/wp-json\/wp\/v2\/media\/554"}],"wp:attachment":[{"href":"https:\/\/www.topoptic.lu\/de\/wp-json\/wp\/v2\/media?parent=800"}],"wp:term":[{"taxonomy":"product_brand","embeddable":true,"href":"https:\/\/www.topoptic.lu\/de\/wp-json\/wp\/v2\/product_brand?post=800"},{"taxonomy":"product_cat","embeddable":true,"href":"https:\/\/www.topoptic.lu\/de\/wp-json\/wp\/v2\/product_cat?post=800"},{"taxonomy":"product_tag","embeddable":true,"href":"https:\/\/www.topoptic.lu\/de\/wp-json\/wp\/v2\/product_tag?post=800"}],"curies":[{"name":"wp","href":"https:\/\/api.w.org\/{rel}","templated":true}]}}